{"id":216159,"date":"2018-12-19T11:20:38","date_gmt":"2018-12-19T10:20:38","guid":{"rendered":"https:\/\/resto-limprevu-agen.com\/?page_id=216159"},"modified":"2020-03-13T18:17:02","modified_gmt":"2020-03-13T17:17:02","slug":"en-cuisine","status":"publish","type":"page","link":"https:\/\/resto-limprevu-agen.com\/index.php\/en-cuisine\/","title":{"rendered":"En cuisine"},"content":{"rendered":"\n[et_pb_section fb_built=\u00a0\u00bb1&Prime; admin_label=\u00a0\u00bbHero Section\u00a0\u00bb _builder_version=\u00a0\u00bb3.0.106&Prime; custom_padding=\u00a0\u00bb0|0px|0px|0px\u00a0\u00bb][et_pb_row use_custom_width=\u00a0\u00bbon\u00a0\u00bb width_unit=\u00a0\u00bboff\u00a0\u00bb custom_width_percent=\u00a0\u00bb100%\u00a0\u00bb use_custom_gutter=\u00a0\u00bbon\u00a0\u00bb custom_padding=\u00a0\u00bb0px|0|0px|\u00a0\u00bb make_equal=\u00a0\u00bbon\u00a0\u00bb background_color_2=\u00a0\u00bb#121212&Prime; bg_img_2=\u00a0\u00bbhttps:\/\/resto-limprevu-agen.com\/wp-content\/uploads\/2018\/12\/DSC_0108.jpg\u00a0\u00bb use_background_color_gradient_2=\u00a0\u00bbon\u00a0\u00bb background_color_gradient_start_2=\u00a0\u00bbrgba(18,18,18,0.5)\u00a0\u00bb background_color_gradient_end_2=\u00a0\u00bb#121212&Prime; background_color_gradient_overlays_image_2=\u00a0\u00bbon\u00a0\u00bb padding_top_1=\u00a0\u00bb200px\u00a0\u00bb padding_top_2=\u00a0\u00bb100px\u00a0\u00bb padding_right_1=\u00a0\u00bb4%\u00a0\u00bb padding_bottom_1=\u00a0\u00bb200px\u00a0\u00bb padding_bottom_2=\u00a0\u00bb100px\u00a0\u00bb padding_left_1=\u00a0\u00bb8%\u00a0\u00bb padding_1_tablet=\u00a0\u00bb60px|10%|60px|10%\u00a0\u00bb padding_2_tablet=\u00a0\u00bb60px||60px|\u00a0\u00bb padding_1_last_edited=\u00a0\u00bbon|tablet\u00a0\u00bb padding_2_last_edited=\u00a0\u00bbon|desktop\u00a0\u00bb _builder_version=\u00a0\u00bb3.18.9&Prime;][et_pb_column type=\u00a0\u00bb1_2&Prime; _builder_version=\u00a0\u00bb3.0.47&Prime; padding_tablet=\u00a0\u00bb60px|10%|60px|10%\u00a0\u00bb padding_last_edited=\u00a0\u00bbon|tablet\u00a0\u00bb padding_bottom=\u00a0\u00bb200px\u00a0\u00bb padding_left=\u00a0\u00bb8%\u00a0\u00bb padding_right=\u00a0\u00bb4%\u00a0\u00bb padding_top=\u00a0\u00bb200px\u00a0\u00bb parallax=\u00a0\u00bboff\u00a0\u00bb parallax_method=\u00a0\u00bbon\u00a0\u00bb][et_pb_text _builder_version=\u00a0\u00bb3.18.9&Prime; text_font=\u00a0\u00bb||||||||\u00a0\u00bb header_font=\u00a0\u00bb||||||||\u00a0\u00bb header_3_font=\u00a0\u00bbKarla|700||on|||||\u00a0\u00bb header_3_text_color=\u00a0\u00bb#c2ab92&Prime; header_3_font_size=\u00a0\u00bb16px\u00a0\u00bb header_3_letter_spacing=\u00a0\u00bb1px\u00a0\u00bb background_layout=\u00a0\u00bbdark\u00a0\u00bb max_width=\u00a0\u00bb600px\u00a0\u00bb module_alignment=\u00a0\u00bbleft\u00a0\u00bb custom_margin=\u00a0\u00bb||20px|\u00a0\u00bb locked=\u00a0\u00bboff\u00a0\u00bb]<h3>Cuisine de coeur<\/h3>[\/et_pb_text][et_pb_text _builder_version=\u00a0\u00bb3.18.9&Prime; text_font=\u00a0\u00bbKarla||||||||\u00a0\u00bb text_font_size=\u00a0\u00bb18px\u00a0\u00bb text_line_height=\u00a0\u00bb1.8em\u00a0\u00bb header_font=\u00a0\u00bbCormorant Garamond||||||||\u00a0\u00bb header_font_size=\u00a0\u00bb56px\u00a0\u00bb header_font_size_tablet=\u00a0\u00bb40px\u00a0\u00bb header_font_size_last_edited=\u00a0\u00bbon|tablet\u00a0\u00bb header_line_height=\u00a0\u00bb1.4em\u00a0\u00bb header_2_font=\u00a0\u00bb||||||||\u00a0\u00bb header_3_font=\u00a0\u00bb||||||||\u00a0\u00bb max_width=\u00a0\u00bb600px\u00a0\u00bb locked=\u00a0\u00bboff\u00a0\u00bb]<h1>Yannick, un chef exigeant et passionn\u00e9 :<\/h1>\n<p>Une \u00e9xigeance que l&rsquo;on retrouve dans ses assiettes, pour Yannick, pas de compromis sur la qualit\u00e9 des produits, la finalit\u00e9 est que vous preniez plaisir \u00e0 manger ses plats.<\/p>\n<p>Une passion pour l&rsquo;inventivit\u00e9, l&rsquo;accord parfait, la justesse d&rsquo;une cuisson, toujours curieux d&rsquo;un assaisonnement original, la finesse de la pr\u00e9sentation. Toute son \u00e9nergie pour vous nourrir sainement et agr\u00e9ablement. Il laisse toujours une place \u00e0 l&rsquo;impr\u00e9vu dans ses choix&#8230;<\/p>\n[\/et_pb_text][\/et_pb_column][et_pb_column type=\u00a0\u00bb1_2&Prime; _builder_version=\u00a0\u00bb3.0.47&Prime; padding_tablet=\u00a0\u00bb60px||60px|\u00a0\u00bb padding_last_edited=\u00a0\u00bbon|desktop\u00a0\u00bb padding_bottom=\u00a0\u00bb100px\u00a0\u00bb padding_top=\u00a0\u00bb100px\u00a0\u00bb bg_img=\u00a0\u00bbhttps:\/\/resto-limprevu-agen.com\/wp-content\/uploads\/2018\/12\/DSC_0108.jpg\u00a0\u00bb background_color=\u00a0\u00bb#121212&Prime; parallax=\u00a0\u00bboff\u00a0\u00bb parallax_method=\u00a0\u00bbon\u00a0\u00bb use_background_color_gradient=\u00a0\u00bbon\u00a0\u00bb background_color_gradient_start=\u00a0\u00bbrgba(18,18,18,0.5)\u00a0\u00bb background_color_gradient_end=\u00a0\u00bb#121212&Prime; background_color_gradient_overlays_image=\u00a0\u00bbon\u00a0\u00bb][et_pb_image src=\u00a0\u00bbhttps:\/\/resto-limprevu-agen.com\/wp-content\/uploads\/2018\/12\/DSC_0108.jpg\u00a0\u00bb _builder_version=\u00a0\u00bb3.18.9&Prime; box_shadow_style=\u00a0\u00bbpreset3&Prime; box_shadow_blur=\u00a0\u00bb80px\u00a0\u00bb max_width=\u00a0\u00bb600px\u00a0\u00bb max_width_last_edited=\u00a0\u00bbon|desktop\u00a0\u00bb custom_margin=\u00a0\u00bb|||-8%\u00a0\u00bb custom_margin_tablet=\u00a0\u00bb60px|60px|60px|60px\u00a0\u00bb custom_margin_last_edited=\u00a0\u00bbon|desktop\u00a0\u00bb custom_padding=\u00a0\u00bb|||\u00a0\u00bb animation_style=\u00a0\u00bbslide\u00a0\u00bb animation_direction=\u00a0\u00bbright\u00a0\u00bb animation_intensity_slide=\u00a0\u00bb4%\u00a0\u00bb animation_starting_opacity=\u00a0\u00bb50%\u00a0\u00bb border_radii=\u00a0\u00bb|43px|||43px\u00a0\u00bb][\/et_pb_image][\/et_pb_column][\/et_pb_row][\/et_pb_section][et_pb_section fb_built=\u00a0\u00bb1&Prime; admin_label=\u00a0\u00bbHero Section\u00a0\u00bb _builder_version=\u00a0\u00bb3.0.106&Prime; custom_padding=\u00a0\u00bb0|0px|0px|0px\u00a0\u00bb locked=\u00a0\u00bboff\u00a0\u00bb][et_pb_row use_custom_width=\u00a0\u00bbon\u00a0\u00bb width_unit=\u00a0\u00bboff\u00a0\u00bb custom_width_percent=\u00a0\u00bb100%\u00a0\u00bb custom_padding=\u00a0\u00bb0px|0|0px|\u00a0\u00bb custom_margin=\u00a0\u00bb|||\u00a0\u00bb make_equal=\u00a0\u00bbon\u00a0\u00bb bg_img_1=\u00a0\u00bbhttps:\/\/resto-limprevu-agen.com\/wp-content\/uploads\/2018\/12\/montage1.jpg\u00a0\u00bb use_background_color_gradient_1=\u00a0\u00bbon\u00a0\u00bb use_background_color_gradient_2=\u00a0\u00bboff\u00a0\u00bb background_color_gradient_start_1=\u00a0\u00bbrgba(18,18,18,0.5)\u00a0\u00bb background_color_gradient_start_2=\u00a0\u00bbrgba(0,0,0,0.4)\u00a0\u00bb background_color_gradient_end_1=\u00a0\u00bb#121212&Prime; background_color_gradient_end_2=\u00a0\u00bb#000000&Prime; background_color_gradient_overlays_image_1=\u00a0\u00bbon\u00a0\u00bb background_color_gradient_overlays_image_2=\u00a0\u00bbon\u00a0\u00bb padding_top_1=\u00a0\u00bb100px\u00a0\u00bb padding_top_2=\u00a0\u00bb100px\u00a0\u00bb padding_right_2=\u00a0\u00bb8%\u00a0\u00bb padding_bottom_1=\u00a0\u00bb100px\u00a0\u00bb padding_bottom_2=\u00a0\u00bb100px\u00a0\u00bb padding_left_2=\u00a0\u00bb4%\u00a0\u00bb padding_1_tablet=\u00a0\u00bb60px||60px|\u00a0\u00bb padding_2_tablet=\u00a0\u00bb60px|10%|60px|10%\u00a0\u00bb padding_1_last_edited=\u00a0\u00bbon|tablet\u00a0\u00bb padding_2_last_edited=\u00a0\u00bbon|phone\u00a0\u00bb _builder_version=\u00a0\u00bb3.18.9&Prime;][et_pb_column type=\u00a0\u00bb1_2&Prime; _builder_version=\u00a0\u00bb3.0.47&Prime; padding_tablet=\u00a0\u00bb60px||60px|\u00a0\u00bb padding_last_edited=\u00a0\u00bbon|tablet\u00a0\u00bb padding_bottom=\u00a0\u00bb100px\u00a0\u00bb padding_top=\u00a0\u00bb100px\u00a0\u00bb bg_img=\u00a0\u00bbhttps:\/\/resto-limprevu-agen.com\/wp-content\/uploads\/2018\/12\/montage1.jpg\u00a0\u00bb parallax=\u00a0\u00bboff\u00a0\u00bb parallax_method=\u00a0\u00bbon\u00a0\u00bb use_background_color_gradient=\u00a0\u00bbon\u00a0\u00bb background_color_gradient_start=\u00a0\u00bbrgba(18,18,18,0.5)\u00a0\u00bb background_color_gradient_end=\u00a0\u00bb#121212&Prime; background_color_gradient_overlays_image=\u00a0\u00bbon\u00a0\u00bb][et_pb_image src=\u00a0\u00bbhttps:\/\/resto-limprevu-agen.com\/wp-content\/uploads\/2018\/12\/montage1.jpg\u00a0\u00bb _builder_version=\u00a0\u00bb3.18.9&Prime; box_shadow_style=\u00a0\u00bbpreset3&Prime; box_shadow_blur=\u00a0\u00bb80px\u00a0\u00bb max_width_last_edited=\u00a0\u00bboff|desktop\u00a0\u00bb module_alignment=\u00a0\u00bbcenter\u00a0\u00bb custom_margin=\u00a0\u00bb|-10%||20%\u00a0\u00bb custom_margin_tablet=\u00a0\u00bb|10%||10%\u00a0\u00bb custom_margin_last_edited=\u00a0\u00bbon|phone\u00a0\u00bb custom_padding=\u00a0\u00bb|||\u00a0\u00bb animation_style=\u00a0\u00bbslide\u00a0\u00bb animation_direction=\u00a0\u00bbright\u00a0\u00bb animation_intensity_slide=\u00a0\u00bb4%\u00a0\u00bb animation_starting_opacity=\u00a0\u00bb50%\u00a0\u00bb border_radii=\u00a0\u00bb||43px|43px|\u00a0\u00bb][\/et_pb_image][\/et_pb_column][et_pb_column type=\u00a0\u00bb1_2&Prime; _builder_version=\u00a0\u00bb3.0.47&Prime; padding_tablet=\u00a0\u00bb60px|10%|60px|10%\u00a0\u00bb padding_last_edited=\u00a0\u00bbon|phone\u00a0\u00bb padding_bottom=\u00a0\u00bb100px\u00a0\u00bb padding_left=\u00a0\u00bb4%\u00a0\u00bb padding_right=\u00a0\u00bb8%\u00a0\u00bb padding_top=\u00a0\u00bb100px\u00a0\u00bb parallax=\u00a0\u00bboff\u00a0\u00bb parallax_method=\u00a0\u00bbon\u00a0\u00bb use_background_color_gradient=\u00a0\u00bboff\u00a0\u00bb background_color_gradient_start=\u00a0\u00bbrgba(0,0,0,0.4)\u00a0\u00bb background_color_gradient_end=\u00a0\u00bb#000000&Prime; background_color_gradient_overlays_image=\u00a0\u00bbon\u00a0\u00bb][et_pb_text _builder_version=\u00a0\u00bb3.18.9&Prime; text_font=\u00a0\u00bb||||||||\u00a0\u00bb header_font=\u00a0\u00bb||||||||\u00a0\u00bb header_3_font=\u00a0\u00bbKarla|700||on|||||\u00a0\u00bb header_3_text_color=\u00a0\u00bb#c2ab92&Prime; header_3_font_size=\u00a0\u00bb16px\u00a0\u00bb header_3_letter_spacing=\u00a0\u00bb1px\u00a0\u00bb background_layout=\u00a0\u00bbdark\u00a0\u00bb module_alignment=\u00a0\u00bbright\u00a0\u00bb custom_margin=\u00a0\u00bb40px||20px|\u00a0\u00bb locked=\u00a0\u00bboff\u00a0\u00bb]<h3>Authenticit\u00e9 et plaisirs<\/h3>[\/et_pb_text][et_pb_divider color=\u00a0\u00bb#c2ab92&Prime; divider_weight=\u00a0\u00bb2px\u00a0\u00bb height=\u00a0\u00bb2px\u00a0\u00bb _builder_version=\u00a0\u00bb3.2&Prime; max_width=\u00a0\u00bb150px\u00a0\u00bb custom_margin=\u00a0\u00bb|||\u00a0\u00bb custom_padding=\u00a0\u00bb|||-60px\u00a0\u00bb custom_padding_tablet=\u00a0\u00bb|0px||\u00a0\u00bb custom_padding_last_edited=\u00a0\u00bboff|desktop\u00a0\u00bb locked=\u00a0\u00bboff\u00a0\u00bb][\/et_pb_divider][et_pb_text _builder_version=\u00a0\u00bb3.18.9&Prime; text_font=\u00a0\u00bbKarla||||||||\u00a0\u00bb text_font_size=\u00a0\u00bb18px\u00a0\u00bb text_line_height=\u00a0\u00bb1.8em\u00a0\u00bb header_font=\u00a0\u00bb||||||||\u00a0\u00bb header_2_font=\u00a0\u00bbCormorant Garamond||||||||\u00a0\u00bb header_2_font_size=\u00a0\u00bb40px\u00a0\u00bb header_2_line_height=\u00a0\u00bb1.4em\u00a0\u00bb header_3_font=\u00a0\u00bb||||||||\u00a0\u00bb max_width=\u00a0\u00bb600px\u00a0\u00bb locked=\u00a0\u00bboff\u00a0\u00bb]<h2>Se faire plaisir :<\/h2>\n<p>Yannick et son \u00e9quipe mettent tout en oeuvre pour que votre repas soit un moment de plaisir et de convivialit\u00e9.\u00a0<\/p>[\/et_pb_text][et_pb_image src=\u00a0\u00bbhttps:\/\/resto-limprevu-agen.com\/wp-content\/uploads\/2018\/12\/DSC07044-1.jpg\u00a0\u00bb _builder_version=\u00a0\u00bb3.18.9&Prime; box_shadow_style=\u00a0\u00bbpreset2&Prime;][\/et_pb_image][\/et_pb_column][\/et_pb_row][\/et_pb_section][et_pb_section fb_built=\u00a0\u00bb1&Prime; disabled_on=\u00a0\u00bbon|on|off\u00a0\u00bb admin_label=\u00a0\u00bbWelcome &#038; About Us\u00a0\u00bb _builder_version=\u00a0\u00bb3.18.9&Prime; background_color=\u00a0\u00bb#121212&Prime; custom_padding=\u00a0\u00bb100px|0px|100px|0px\u00a0\u00bb][et_pb_row use_custom_gutter=\u00a0\u00bbon\u00a0\u00bb gutter_width=\u00a0\u00bb1&Prime; custom_padding=\u00a0\u00bb0|0px|27px|0px|false|false\u00a0\u00bb make_equal=\u00a0\u00bbon\u00a0\u00bb use_background_color_gradient_1=\u00a0\u00bbon\u00a0\u00bb use_background_color_gradient_2=\u00a0\u00bbon\u00a0\u00bb use_background_color_gradient_3=\u00a0\u00bbon\u00a0\u00bb background_color_gradient_start_1=\u00a0\u00bbrgba(18,18,18,0.6)\u00a0\u00bb background_color_gradient_start_2=\u00a0\u00bbrgba(18,18,18,0.6)\u00a0\u00bb background_color_gradient_start_3=\u00a0\u00bbrgba(18,18,18,0.6)\u00a0\u00bb background_color_gradient_end_1=\u00a0\u00bbrgba(18,18,18,0.9)\u00a0\u00bb background_color_gradient_end_2=\u00a0\u00bbrgba(18,18,18,0.9)\u00a0\u00bb background_color_gradient_end_3=\u00a0\u00bbrgba(18,18,18,0.9)\u00a0\u00bb background_color_gradient_overlays_image_1=\u00a0\u00bbon\u00a0\u00bb background_color_gradient_overlays_image_2=\u00a0\u00bbon\u00a0\u00bb background_color_gradient_overlays_image_3=\u00a0\u00bbon\u00a0\u00bb padding_top_1=\u00a0\u00bb40px\u00a0\u00bb padding_top_2=\u00a0\u00bb40px\u00a0\u00bb padding_top_3=\u00a0\u00bb40px\u00a0\u00bb padding_right_1=\u00a0\u00bb40px\u00a0\u00bb padding_right_2=\u00a0\u00bb40px\u00a0\u00bb padding_right_3=\u00a0\u00bb40px\u00a0\u00bb padding_bottom_1=\u00a0\u00bb40px\u00a0\u00bb padding_bottom_2=\u00a0\u00bb40px\u00a0\u00bb padding_bottom_3=\u00a0\u00bb40px\u00a0\u00bb padding_left_1=\u00a0\u00bb40px\u00a0\u00bb padding_left_2=\u00a0\u00bb40px\u00a0\u00bb padding_left_3=\u00a0\u00bb40px\u00a0\u00bb disabled_on=\u00a0\u00bbon|on|off\u00a0\u00bb _builder_version=\u00a0\u00bb3.18.9&Prime;][et_pb_column type=\u00a0\u00bb4_4&Prime; _builder_version=\u00a0\u00bb3.0.47&Prime; padding_bottom=\u00a0\u00bb40px\u00a0\u00bb padding_left=\u00a0\u00bb40px\u00a0\u00bb padding_right=\u00a0\u00bb40px\u00a0\u00bb padding_top=\u00a0\u00bb40px\u00a0\u00bb parallax=\u00a0\u00bboff\u00a0\u00bb parallax_method=\u00a0\u00bbon\u00a0\u00bb use_background_color_gradient=\u00a0\u00bbon\u00a0\u00bb background_color_gradient_start=\u00a0\u00bbrgba(18,18,18,0.6)\u00a0\u00bb background_color_gradient_end=\u00a0\u00bbrgba(18,18,18,0.9)\u00a0\u00bb background_color_gradient_overlays_image=\u00a0\u00bbon\u00a0\u00bb][et_pb_slider show_arrows=\u00a0\u00bboff\u00a0\u00bb show_pagination=\u00a0\u00bboff\u00a0\u00bb _builder_version=\u00a0\u00bb3.18.9&Prime; custom_padding=\u00a0\u00bb328px||328px||true\u00a0\u00bb auto=\u00a0\u00bbon\u00a0\u00bb auto_speed=\u00a0\u00bb2000&Prime; auto_ignore_hover=\u00a0\u00bbon\u00a0\u00bb][et_pb_slide _builder_version=\u00a0\u00bb3.18.9&Prime; background_color=\u00a0\u00bbrgba(126,190,197,0)\u00a0\u00bb background_image=\u00a0\u00bbhttps:\/\/resto-limprevu-agen.com\/wp-content\/uploads\/2018\/12\/DSC_0043.jpg\u00a0\u00bb][\/et_pb_slide][et_pb_slide _builder_version=\u00a0\u00bb3.18.9&Prime; background_color=\u00a0\u00bbrgba(126,190,197,0)\u00a0\u00bb background_image=\u00a0\u00bbhttps:\/\/resto-limprevu-agen.com\/wp-content\/uploads\/2018\/12\/DSC_0044.jpg\u00a0\u00bb][\/et_pb_slide][et_pb_slide _builder_version=\u00a0\u00bb3.18.9&Prime; background_color=\u00a0\u00bbrgba(126,190,197,0)\u00a0\u00bb background_image=\u00a0\u00bbhttps:\/\/resto-limprevu-agen.com\/wp-content\/uploads\/2018\/12\/DSC_0050.jpg\u00a0\u00bb][\/et_pb_slide][et_pb_slide _builder_version=\u00a0\u00bb3.18.9&Prime; background_color=\u00a0\u00bbrgba(126,190,197,0)\u00a0\u00bb background_image=\u00a0\u00bbhttps:\/\/resto-limprevu-agen.com\/wp-content\/uploads\/2018\/12\/DSC_0051.jpg\u00a0\u00bb][\/et_pb_slide][et_pb_slide _builder_version=\u00a0\u00bb3.18.9&Prime; background_color=\u00a0\u00bbrgba(126,190,197,0)\u00a0\u00bb background_image=\u00a0\u00bbhttps:\/\/resto-limprevu-agen.com\/wp-content\/uploads\/2018\/12\/DSC_0054.jpg\u00a0\u00bb][\/et_pb_slide][et_pb_slide _builder_version=\u00a0\u00bb3.18.9&Prime; background_color=\u00a0\u00bbrgba(126,190,197,0)\u00a0\u00bb background_image=\u00a0\u00bbhttps:\/\/resto-limprevu-agen.com\/wp-content\/uploads\/2018\/12\/DSC_0055.jpg\u00a0\u00bb][\/et_pb_slide][et_pb_slide _builder_version=\u00a0\u00bb3.18.9&Prime; background_color=\u00a0\u00bbrgba(126,190,197,0)\u00a0\u00bb background_image=\u00a0\u00bbhttps:\/\/resto-limprevu-agen.com\/wp-content\/uploads\/2018\/12\/DSC_0056.jpg\u00a0\u00bb][\/et_pb_slide][et_pb_slide _builder_version=\u00a0\u00bb3.18.9&Prime; background_color=\u00a0\u00bbrgba(126,190,197,0)\u00a0\u00bb background_image=\u00a0\u00bbhttps:\/\/resto-limprevu-agen.com\/wp-content\/uploads\/2018\/12\/DSC_0060.jpg\u00a0\u00bb][\/et_pb_slide][et_pb_slide _builder_version=\u00a0\u00bb3.18.9&Prime; background_color=\u00a0\u00bbrgba(126,190,197,0)\u00a0\u00bb background_image=\u00a0\u00bbhttps:\/\/resto-limprevu-agen.com\/wp-content\/uploads\/2018\/12\/DSC_0070.jpg\u00a0\u00bb][\/et_pb_slide][\/et_pb_slider][\/et_pb_column][\/et_pb_row][\/et_pb_section]\n","protected":false},"excerpt":{"rendered":"","protected":false},"author":1,"featured_media":0,"parent":0,"menu_order":0,"comment_status":"closed","ping_status":"closed","template":"","meta":{"_et_pb_use_builder":"on","_et_pb_old_content":"","_et_gb_content_width":"","footnotes":""},"yoast_head":"<!-- This site is optimized with the Yoast SEO plugin v15.2.1 - https:\/\/yoast.com\/wordpress\/plugins\/seo\/ -->\n<title>En cuisine | Restaurant l&#039;impr\u00e9vu Agen<\/title>\n<meta name=\"description\" content=\"En cuisine avec Yannick pour d\u00e9couvrir une cuisine authentique et aux parfums multiples. L&#039;impr\u00e9vu propose des accords aux accents de world cuisine\" \/>\n<meta name=\"robots\" content=\"index, follow, max-snippet:-1, max-image-preview:large, max-video-preview:-1\" \/>\n<link rel=\"canonical\" href=\"https:\/\/resto-limprevu-agen.com\/index.php\/en-cuisine\/\" \/>\n<meta property=\"og:locale\" content=\"fr_FR\" \/>\n<meta property=\"og:type\" content=\"article\" \/>\n<meta property=\"og:title\" content=\"En cuisine | Restaurant l&#039;impr\u00e9vu Agen\" \/>\n<meta property=\"og:description\" content=\"En cuisine avec Yannick pour d\u00e9couvrir une cuisine authentique et aux parfums multiples. L&#039;impr\u00e9vu propose des accords aux accents de world cuisine\" \/>\n<meta property=\"og:url\" content=\"https:\/\/resto-limprevu-agen.com\/index.php\/en-cuisine\/\" \/>\n<meta property=\"og:site_name\" content=\"Restaurant l&#039;impr\u00e9vu\" \/>\n<meta property=\"article:modified_time\" content=\"2020-03-13T17:17:02+00:00\" \/>\n<meta name=\"twitter:card\" content=\"summary_large_image\" \/>\n<meta name=\"twitter:label1\" content=\"\u00c9crit par\">\n\t<meta name=\"twitter:data1\" content=\"admin5770\">\n\t<meta name=\"twitter:label2\" content=\"Dur\u00e9e de lecture est.\">\n\t<meta name=\"twitter:data2\" content=\"5 minutes\">\n<script type=\"application\/ld+json\" class=\"yoast-schema-graph\">{\"@context\":\"https:\/\/schema.org\",\"@graph\":[{\"@type\":\"WebSite\",\"@id\":\"https:\/\/resto-limprevu-agen.com\/#website\",\"url\":\"https:\/\/resto-limprevu-agen.com\/\",\"name\":\"Restaurant l&#039;impr\\u00e9vu\",\"description\":\"Cuisine d&#039;inspiration\",\"potentialAction\":[{\"@type\":\"SearchAction\",\"target\":\"https:\/\/resto-limprevu-agen.com\/?s={search_term_string}\",\"query-input\":\"required name=search_term_string\"}],\"inLanguage\":\"fr-FR\"},{\"@type\":\"WebPage\",\"@id\":\"https:\/\/resto-limprevu-agen.com\/index.php\/en-cuisine\/#webpage\",\"url\":\"https:\/\/resto-limprevu-agen.com\/index.php\/en-cuisine\/\",\"name\":\"En cuisine | Restaurant l&#039;impr\\u00e9vu Agen\",\"isPartOf\":{\"@id\":\"https:\/\/resto-limprevu-agen.com\/#website\"},\"datePublished\":\"2018-12-19T10:20:38+00:00\",\"dateModified\":\"2020-03-13T17:17:02+00:00\",\"description\":\"En cuisine avec Yannick pour d\\u00e9couvrir une cuisine authentique et aux parfums multiples. L'impr\\u00e9vu propose des accords aux accents de world cuisine\",\"inLanguage\":\"fr-FR\",\"potentialAction\":[{\"@type\":\"ReadAction\",\"target\":[\"https:\/\/resto-limprevu-agen.com\/index.php\/en-cuisine\/\"]}]}]}<\/script>\n<!-- \/ Yoast SEO plugin. -->","_links":{"self":[{"href":"https:\/\/resto-limprevu-agen.com\/index.php\/wp-json\/wp\/v2\/pages\/216159"}],"collection":[{"href":"https:\/\/resto-limprevu-agen.com\/index.php\/wp-json\/wp\/v2\/pages"}],"about":[{"href":"https:\/\/resto-limprevu-agen.com\/index.php\/wp-json\/wp\/v2\/types\/page"}],"author":[{"embeddable":true,"href":"https:\/\/resto-limprevu-agen.com\/index.php\/wp-json\/wp\/v2\/users\/1"}],"replies":[{"embeddable":true,"href":"https:\/\/resto-limprevu-agen.com\/index.php\/wp-json\/wp\/v2\/comments?post=216159"}],"version-history":[{"count":8,"href":"https:\/\/resto-limprevu-agen.com\/index.php\/wp-json\/wp\/v2\/pages\/216159\/revisions"}],"predecessor-version":[{"id":218064,"href":"https:\/\/resto-limprevu-agen.com\/index.php\/wp-json\/wp\/v2\/pages\/216159\/revisions\/218064"}],"wp:attachment":[{"href":"https:\/\/resto-limprevu-agen.com\/index.php\/wp-json\/wp\/v2\/media?parent=216159"}],"curies":[{"name":"wp","href":"https:\/\/api.w.org\/{rel}","templated":true}]}}